{"id":11,"date":"2019-07-10T12:47:31","date_gmt":"2019-07-10T10:47:31","guid":{"rendered":"http:\/\/ameteix.fr\/?page_id=11"},"modified":"2019-07-17T11:21:14","modified_gmt":"2019-07-17T09:21:14","slug":"a-propos","status":"publish","type":"page","link":"https:\/\/ameteix.fr\/index.php\/a-propos\/","title":{"rendered":"A propos"},"content":{"rendered":"\n<p>Notre soci\u00e9t\u00e9, cr\u00e9\u00e9e en 1994, \u00e9volue dans le secteur de la r\u00e9novation du chauffage collectif.<\/p>\n\n\n\n<p>Elle prend en charge tous les travaux relatifs \u00e0 l&#8217;enveloppe des locaux techniques de chaufferie tels que les portes coupe-feu, les acc\u00e8s techniques, les ouvertures et sciages de voile b\u00e9ton,  les carottages b\u00e9ton.<\/p>\n\n\n\n<p>Nous r\u00e9alisons aussi toutes les protections incendie, murs coupe feu 2 h00 et gaines coupe feu 2H00.<\/p>\n\n\n\n<div class=\"alignnormal\"><!-- MetaSlider 113 not found --><\/div>\n","protected":false},"excerpt":{"rendered":"<p>Notre soci\u00e9t\u00e9, cr\u00e9\u00e9e en 1994, \u00e9volue dans le secteur de la r\u00e9novation du chauffage collectif. Elle prend en charge tous les travaux relatifs \u00e0 l&#8217;enveloppe des locaux techniques de chaufferie tels que les portes coupe-feu, les acc\u00e8s techniques, les ouvertures et sciages de voile b\u00e9ton, les carottages b\u00e9ton. Nous r\u00e9alisons aussi toutes les protections incendie, [&hellip;]<\/p>\n","protected":false},"author":1,"featured_media":0,"parent":0,"menu_order":0,"comment_status":"closed","ping_status":"closed","template":"page-templates\/page_front-page.php","meta":[],"_links":{"self":[{"href":"https:\/\/ameteix.fr\/index.php\/wp-json\/wp\/v2\/pages\/11"}],"collection":[{"href":"https:\/\/ameteix.fr\/index.php\/wp-json\/wp\/v2\/pages"}],"about":[{"href":"https:\/\/ameteix.fr\/index.php\/wp-json\/wp\/v2\/types\/page"}],"author":[{"embeddable":true,"href":"https:\/\/ameteix.fr\/index.php\/wp-json\/wp\/v2\/users\/1"}],"replies":[{"embeddable":true,"href":"https:\/\/ameteix.fr\/index.php\/wp-json\/wp\/v2\/comments?post=11"}],"version-history":[{"count":9,"href":"https:\/\/ameteix.fr\/index.php\/wp-json\/wp\/v2\/pages\/11\/revisions"}],"predecessor-version":[{"id":179,"href":"https:\/\/ameteix.fr\/index.php\/wp-json\/wp\/v2\/pages\/11\/revisions\/179"}],"wp:attachment":[{"href":"https:\/\/ameteix.fr\/index.php\/wp-json\/wp\/v2\/media?parent=11"}],"curies":[{"name":"wp","href":"https:\/\/api.w.org\/{rel}","templated":true}]}}